{"id":4899,"date":"2021-10-11T10:44:22","date_gmt":"2021-10-11T10:44:22","guid":{"rendered":"https:\/\/renumawp.websitelayout.net\/?page_id=4899"},"modified":"2026-03-14T00:11:38","modified_gmt":"2026-03-14T00:11:38","slug":"about-us","status":"publish","type":"page","link":"https:\/\/kedougouminingtransportservices.com\/fr\/about-us\/","title":{"rendered":"\u00c0 propos\u00a0"},"content":{"rendered":"\t\t<div data-elementor-type=\"wp-page\" data-elementor-id=\"4899\" class=\"elementor elementor-4899\">\n\t\t\t\t<div class=\"elementor-element elementor-element-30527ef e-con-full page-title-section e-flex e-con e-parent\" data-id=\"30527ef\" data-element_type=\"container\" data-e-type=\"container\" data-settings=\"{&quot;background_background&quot;:&quot;classic&quot;}\">\n\t\t<div class=\"elementor-element elementor-element-a2f4531 text-center e-flex e-con-boxed e-con e-child\" data-id=\"a2f4531\" data-element_type=\"container\" data-e-type=\"container\">\n\t\t\t\t\t<div class=\"e-con-inner\">\n\t\t\t\t<div class=\"elementor-element elementor-element-0384597 elementor-widget elementor-widget-text-editor\" data-id=\"0384597\" data-element_type=\"widget\" data-e-type=\"widget\" data-widget_type=\"text-editor.default\">\n\t\t\t\t\t\t\t\t\t<h1>About-us<\/h1>\t\t\t\t\t\t\t\t<\/div>\n\t\t\t\t<div class=\"elementor-element elementor-element-cf1448d elementor-widget elementor-widget-text-editor\" data-id=\"cf1448d\" data-element_type=\"widget\" data-e-type=\"widget\" data-widget_type=\"text-editor.default\">\n\t\t\t\t\t\t\t\t\t<ul class=\"bg-primary rounded-pill font-weight-700 px-3 py-1 position-relative z-index-1\"><li>About-us<\/li><\/ul>\t\t\t\t\t\t\t\t<\/div>\n\t\t\t\t\t<\/div>\n\t\t\t\t<\/div>\n\t\t\t\t<\/div>\n\t\t<div class=\"elementor-element elementor-element-b084fc5 about-style04 e-flex e-con-boxed e-con e-parent\" data-id=\"b084fc5\" data-element_type=\"container\" data-e-type=\"container\">\n\t\t\t\t\t<div class=\"e-con-inner\">\n\t\t<div class=\"elementor-element elementor-element-859ea54 e-con-full e-flex e-con e-child\" data-id=\"859ea54\" data-element_type=\"container\" data-e-type=\"container\">\n\t\t<div class=\"elementor-element elementor-element-0d8e36d e-con-full e-flex elementor-invisible e-con e-child\" data-id=\"0d8e36d\" data-element_type=\"container\" data-e-type=\"container\" data-settings=\"{&quot;animation&quot;:&quot;fadeInUp&quot;,&quot;animation_delay&quot;:100}\">\n\t\t\t\t<div class=\"elementor-element elementor-element-ec66550 mb-0 elementor-widget elementor-widget-text-editor\" data-id=\"ec66550\" data-element_type=\"widget\" data-e-type=\"widget\" data-widget_type=\"text-editor.default\">\n\t\t\t\t\t\t\t\t\t<div class=\"title-style01 mb-2-2\"><p><span class=\"sm-title\">\u00a0Building Excellence in the Heart of K\u00e9dougou<\/span><\/p><h2 class=\"display-4 font-weight-800 ls-minus-2px mb-0 lh-1\">We are 100% local (K\u00e9dougou) Mining Services<br \/><br \/><\/h2><\/div>\t\t\t\t\t\t\t\t<\/div>\n\t\t\t\t<div class=\"elementor-element elementor-element-d03b551 elementor-widget elementor-widget-wl-features-box-v4\" data-id=\"d03b551\" data-element_type=\"widget\" data-e-type=\"widget\" data-widget_type=\"wl-features-box-v4.default\">\n\t\t\t\t<div class=\"elementor-widget-container\">\n\t\t\t\t\t\n        <div class=\"feature-list-wrapper text-start\">\n\n                        \n                <div class=\"d-flex align-items-center d-flex align-items-center mb-1-6\">\n                    <div class=\"flex-shrink-0 arrow-circle\">\n                                                    <i class=\"ti-check display-28 text-primary font-weight-900\"><\/i>                                            <\/div>\n                    <div class=\"flex-grow-1\">\n                        <p class=\"mb-0 w-md-70 w-xxl-55\">\n                            A Perfect Understanding of the Terrain                        <\/p>\n                    <\/div>\n                <\/div>\n\n                        \n                <div class=\"d-flex align-items-center d-flex align-items-center mb-1-6 mb-sm-2-6\">\n                    <div class=\"flex-shrink-0 arrow-circle\">\n                                                    <i class=\"ti-check display-28 text-primary font-weight-900\"><\/i>                                            <\/div>\n                    <div class=\"flex-grow-1\">\n                        <p class=\"mb-0 w-md-70 w-xxl-55\">\n                            Reliability Above All                        <\/p>\n                    <\/div>\n                <\/div>\n\n            \n        <\/div>\n\n        \t\t\t\t<\/div>\n\t\t\t\t<\/div>\n\t\t\t\t<div class=\"elementor-element elementor-element-87cfe35 mb-0 elementor-widget elementor-widget-text-editor\" data-id=\"87cfe35\" data-element_type=\"widget\" data-e-type=\"widget\" data-widget_type=\"text-editor.default\">\n\t\t\t\t\t\t\t\t\t<div class=\"d-sm-flex align-items-center\"><br \/><a class=\"butn-style01 me-sm-2-2 my-2 my-sm-0\" href=\"https:\/\/kedougouminingtransportservices.com\/services\/\">About Our Services\u00a0\u00a0<\/a><\/div>\t\t\t\t\t\t\t\t<\/div>\n\t\t\t\t<\/div>\n\t\t<div class=\"elementor-element elementor-element-03b0310 e-con-full e-flex elementor-invisible e-con e-child\" data-id=\"03b0310\" data-element_type=\"container\" data-e-type=\"container\" data-settings=\"{&quot;animation&quot;:&quot;fadeInUp&quot;,&quot;animation_delay&quot;:200}\">\n\t\t\t\t<div class=\"elementor-element elementor-element-c47bac0 elementor-widget elementor-widget-image\" data-id=\"c47bac0\" data-element_type=\"widget\" data-e-type=\"widget\" data-widget_type=\"image.default\">\n\t\t\t\t\t\t\t\t\t\t\t\t\t\t\t<img fetchpriority=\"high\" decoding=\"async\" width=\"724\" height=\"538\" src=\"https:\/\/kedougouminingtransportservices.com\/wp-content\/uploads\/2026\/02\/223-2ocBNsGKxUkQeiWO.avif\" class=\"attachment-full size-full wp-image-32803\" alt=\"\" srcset=\"https:\/\/kedougouminingtransportservices.com\/wp-content\/uploads\/2026\/02\/223-2ocBNsGKxUkQeiWO.avif 724w, https:\/\/kedougouminingtransportservices.com\/wp-content\/uploads\/2026\/02\/223-2ocBNsGKxUkQeiWO-300x223.avif 300w, https:\/\/kedougouminingtransportservices.com\/wp-content\/uploads\/2026\/02\/223-2ocBNsGKxUkQeiWO-600x446.avif 600w\" sizes=\"(max-width: 724px) 100vw, 724px\" \/>\t\t\t\t\t\t\t\t\t\t\t\t\t\t\t<\/div>\n\t\t\t\t<\/div>\n\t\t\t\t<\/div>\n\t\t\t\t\t<\/div>\n\t\t\t\t<\/div>\n\t\t<div class=\"elementor-element elementor-element-2149c69 bg-secondary testimonials-style01 e-flex e-con-boxed e-con e-parent\" data-id=\"2149c69\" data-element_type=\"container\" data-e-type=\"container\" data-settings=\"{&quot;background_background&quot;:&quot;classic&quot;}\">\n\t\t\t\t\t<div class=\"e-con-inner\">\n\t\t<div class=\"elementor-element elementor-element-1dfee3c e-con-full e-flex e-con e-child\" data-id=\"1dfee3c\" data-element_type=\"container\" data-e-type=\"container\">\n\t\t<div class=\"elementor-element elementor-element-5b68ecc e-con-full e-flex e-con e-child\" data-id=\"5b68ecc\" data-element_type=\"container\" data-e-type=\"container\">\n\t\t\t\t<div class=\"elementor-element elementor-element-81157f8 mb-0 elementor-widget elementor-widget-text-editor\" data-id=\"81157f8\" data-element_type=\"widget\" data-e-type=\"widget\" data-widget_type=\"text-editor.default\">\n\t\t\t\t\t\t\t\t\t<div class=\"d-flex align-items-center left-content\"><div class=\"left-count font-weight-700 display-custom-2 lh-1\">4.7<\/div><div class=\"text-center\"><div class=\"start-content\"><i class=\"fas fa-star\">\u00a0<\/i> <i class=\"fas fa-star\">\u00a0<\/i> <i class=\"fas fa-star\">\u00a0<\/i> <i class=\"fas fa-star\">\u00a0<\/i> <i class=\"fas fa-star\">\u00a0<\/i><\/div><p>What Our Customers Say<\/p><\/div><\/div>\t\t\t\t\t\t\t\t<\/div>\n\t\t\t\t<\/div>\n\t\t<div class=\"elementor-element elementor-element-c044423 e-con-full e-flex e-con e-child\" data-id=\"c044423\" data-element_type=\"container\" data-e-type=\"container\">\n\t\t\t\t<div class=\"elementor-element elementor-element-5344322 elementor-widget elementor-widget-wl-testimonials-v3\" data-id=\"5344322\" data-element_type=\"widget\" data-e-type=\"widget\" data-widget_type=\"wl-testimonials-v3.default\">\n\t\t\t\t<div class=\"elementor-widget-container\">\n\t\t\t\t\t\n        <div class=\"testimonial-carousel-three owl-carousel\" data-owl='{\"loop\":true,\"autoplay\":true,\"autoplayTimeout\":3000,\"responsiveClass\":true,\"smartSpeed\":1500,\"dots\":false,\"nav\":true,\"navText\":[\"<i class=\\\"ti-arrow-left\\\"><\\\/i>\",\"<i class=\\\"ti-arrow-right\\\"><\\\/i>\"],\"margin\":0,\"responsive\":{\"0\":{\"items\":1,\"nav\":false},\"992\":{\"items\":1,\"nav\":true}}}'>\n                            <div>\n                    <p class=\"w-xl-90 text-white display-25 display-md-21 display-xl-19 lh-base\">\n                         <span class=\"border-bottom border-width-2\">  <\/span> En tant qu&#039;entreprise panafricaine qui croit en les comp\u00e9tences locales, nous avons confi\u00e9 ce projet \u00e0 KMTS entreprise 100% local local, et nous en somme fiers, pour la qualit\u00e9 des travaux et l&#039;engagement ferme des \u00e9quipes de KMTS pour l a r\u00e9ussite de la qualit\u00e9 et d\u00e9lai de ce projet vital pour notre projet boto.\nMerci \u00e0 Maciry pour son leadership et merci \u00e0 Mme Fatoumatou pour son appui \u00e0 la r\u00e9ussite de ce projet.                    <\/p>\n                    <span class=\"font-weight-700 letter-spacing-2 text-primary d-block text-uppercase display-30\">\n                        @Mohamed Benmoumen \u2013 International Projects development director \u2013Group Managem                    <\/span>\n                <\/div>\n                    <\/div>\n\n        \t\t\t\t<\/div>\n\t\t\t\t<\/div>\n\t\t\t\t<\/div>\n\t\t\t\t<\/div>\n\t\t<div class=\"elementor-element elementor-element-574dcd8 e-con-full client-style01 e-flex e-con e-child\" data-id=\"574dcd8\" data-element_type=\"container\" data-e-type=\"container\">\n\t\t\t\t<div class=\"elementor-element elementor-element-ac0a12e elementor-widget elementor-widget-wl-clients-v1\" data-id=\"ac0a12e\" data-element_type=\"widget\" data-e-type=\"widget\" data-widget_type=\"wl-clients-v1.default\">\n\t\t\t\t<div class=\"elementor-widget-container\">\n\t\t\t\t\t\t\t<div class=\"row justify-content-center mt-n2-9\">\n\t\t\t\n\t\t\t\t\t\t\t\t\t<div class=\"col-sm-4 col-lg mt-2-9\">\n\t\t\t\t\t\t<div class=\"client-box text-center client-logo\">\n\t\t\t\t\t\t\t\t\t\t\t\t\t\t\t<img decoding=\"async\" src=\"https:\/\/kedougouminingtransportservices.com\/wp-content\/uploads\/2026\/03\/images__2_-removebg-preview.png\"\n\t\t\t\t\t\t\t\t     alt=\"...\"\n\t\t\t\t\t\t\t\t     title=\"...\">\n\t\t\t\t\t\t\t\t\t\t\t\t\t<\/div>\n\t\t\t\t\t<\/div>\n\t\t\t\t\t\t\t\t\t<div class=\"col-sm-4 col-lg mt-2-9\">\n\t\t\t\t\t\t<div class=\"client-box text-center client-logo\">\n\t\t\t\t\t\t\t\t\t\t\t\t\t\t\t<img decoding=\"async\" src=\"https:\/\/kedougouminingtransportservices.com\/wp-content\/uploads\/2026\/03\/images__1_-removebg-preview.png\"\n\t\t\t\t\t\t\t\t     alt=\"...\"\n\t\t\t\t\t\t\t\t     title=\"...\">\n\t\t\t\t\t\t\t\t\t\t\t\t\t<\/div>\n\t\t\t\t\t<\/div>\n\t\t\t\t\t\t\t\t\t<div class=\"col-sm-4 col-lg mt-2-9\">\n\t\t\t\t\t\t<div class=\"client-box text-center client-logo\">\n\t\t\t\t\t\t\t\t\t\t\t\t\t\t\t<img decoding=\"async\" src=\"https:\/\/kedougouminingtransportservices.com\/wp-content\/uploads\/2026\/03\/Endv-logo-grey.png\"\n\t\t\t\t\t\t\t\t     alt=\"...\"\n\t\t\t\t\t\t\t\t     title=\"...\">\n\t\t\t\t\t\t\t\t\t\t\t\t\t<\/div>\n\t\t\t\t\t<\/div>\n\t\t\t\t\t\t\t\t\t<div class=\"col-sm-4 col-lg mt-2-9\">\n\t\t\t\t\t\t<div class=\"client-box text-center client-logo\">\n\t\t\t\t\t\t\t\t\t\t\t\t\t\t\t<img decoding=\"async\" src=\"https:\/\/kedougouminingtransportservices.com\/wp-content\/uploads\/2026\/03\/MGO.png\"\n\t\t\t\t\t\t\t\t     alt=\"...\"\n\t\t\t\t\t\t\t\t     title=\"...\">\n\t\t\t\t\t\t\t\t\t\t\t\t\t<\/div>\n\t\t\t\t\t<\/div>\n\t\t\t\t\t\t\t\n\t\t<\/div>\n\t\t\t\t\t\t<\/div>\n\t\t\t\t<\/div>\n\t\t\t\t<\/div>\n\t\t\t\t\t<\/div>\n\t\t\t\t<\/div>\n\t\t\t\t<\/div>\n\t\t","protected":false},"excerpt":{"rendered":"<p>About-us About-us \u00a0Building Excellence in the Heart of K\u00e9dougou We are 100% local (K\u00e9dougou) Mining Services A Perfect Understanding of the Terrain Reliability Above All About Our Services\u00a0\u00a0 4.7\u00a0 \u00a0 \u00a0 \u00a0 \u00a0 What Our Customers Say &#8220;,&#8221;&#8220;],&#8221;margin&#8221;:0,&#8221;responsive&#8221;:{&#8220;0&#8221;:{&#8220;items&#8221;:1,&#8221;nav&#8221;:false},&#8221;992&#8243;:{&#8220;items&#8221;:1,&#8221;nav&#8221;:true}}}&#8217;> En tant qu&#039;entreprise panafricaine qui croit en les comp\u00e9tences locales, nous avons confi\u00e9 ce projet \u00e0 KMTS [&hellip;]<\/p>\n","protected":false},"author":1,"featured_media":0,"parent":0,"menu_order":0,"comment_status":"closed","ping_status":"closed","template":"page-templates\/home.php","meta":{"_monsterinsights_skip_tracking":false,"_monsterinsights_sitenote_active":false,"_monsterinsights_sitenote_note":"","_monsterinsights_sitenote_category":0,"_joinchat":[],"footnotes":""},"class_list":["post-4899","page","type-page","status-publish","hentry"],"aioseo_notices":[],"_hostinger_reach_plugin_has_subscription_block":false,"_hostinger_reach_plugin_is_elementor":false,"_links":{"self":[{"href":"https:\/\/kedougouminingtransportservices.com\/fr\/wp-json\/wp\/v2\/pages\/4899","targetHints":{"allow":["GET"]}}],"collection":[{"href":"https:\/\/kedougouminingtransportservices.com\/fr\/wp-json\/wp\/v2\/pages"}],"about":[{"href":"https:\/\/kedougouminingtransportservices.com\/fr\/wp-json\/wp\/v2\/types\/page"}],"author":[{"embeddable":true,"href":"https:\/\/kedougouminingtransportservices.com\/fr\/wp-json\/wp\/v2\/users\/1"}],"replies":[{"embeddable":true,"href":"https:\/\/kedougouminingtransportservices.com\/fr\/wp-json\/wp\/v2\/comments?post=4899"}],"version-history":[{"count":11,"href":"https:\/\/kedougouminingtransportservices.com\/fr\/wp-json\/wp\/v2\/pages\/4899\/revisions"}],"predecessor-version":[{"id":33062,"href":"https:\/\/kedougouminingtransportservices.com\/fr\/wp-json\/wp\/v2\/pages\/4899\/revisions\/33062"}],"wp:attachment":[{"href":"https:\/\/kedougouminingtransportservices.com\/fr\/wp-json\/wp\/v2\/media?parent=4899"}],"curies":[{"name":"wp","href":"https:\/\/api.w.org\/{rel}","templated":true}]}}